{"id":10224,"date":"2020-11-28T14:54:58","date_gmt":"2020-11-28T13:54:58","guid":{"rendered":"https:\/\/www.alpinelands.it\/product\/cadeau-du-grain-a-lassiette-production-et-transformation-des-cereales-en-vallee-daoste-bonne-vallee\/"},"modified":"2021-11-30T14:11:48","modified_gmt":"2021-11-30T13:11:48","slug":"cadeau-du-grain-a-lassiette-production-et-transformation-des-cereales-en-vallee-daoste-bonne-vallee","status":"publish","type":"product","link":"https:\/\/www.alpinelands.it\/fr\/produit\/cadeau-du-grain-a-lassiette-production-et-transformation-des-cereales-en-vallee-daoste-bonne-vallee\/","title":{"rendered":"CADEAU: Du grain \u00e0 l&rsquo;assiette, production et transformation des c\u00e9r\u00e9ales en Vall\u00e9e d&rsquo;Aoste &#8211; Bonne Vall\u00e9e"},"content":{"rendered":"","protected":false},"excerpt":{"rendered":"<h6>Nombre minimum de participants: 2<\/h6>\n<h5>Comment fonctionne le don d&rsquo;une exp\u00e9rience?<\/h5>\n<ol>\n<li>Entrez votre nom et le nom du b\u00e9n\u00e9ficiaire dans les champs ci-dessous. Ces donn\u00e9es seront utilis\u00e9es pour personnaliser le ch\u00e8que-cadeau.<\/li>\n<li>Proc\u00e9dez \u00e0 l&rsquo;achat du cadeau.<em><strong>Pour les exp\u00e9riences n\u00e9cessitant un nombre minimum de participants, la quantit\u00e9 minimum obligatoire sera automatiquement ajout\u00e9e au panier.<\/strong><\/em><\/li>\n<li>Sous 24h vous recevrez le bon cadeau personnalis\u00e9 en PDF sur l&#8217;email indiqu\u00e9 lors de la phase d&rsquo;achat \u00e0 livrer \u00e0 qui vous voulez.<\/li>\n<li>Le bon indiquera les instructions pour r\u00e9server l&rsquo;exp\u00e9rience \u00e0 la date \/ heure souhait\u00e9e.<\/li>\n<\/ol>\n","protected":false},"featured_media":9292,"comment_status":"closed","ping_status":"closed","template":"","meta":{"_acf_changed":false,"_seopress_robots_primary_cat":"none","_seopress_titles_title":"","_seopress_titles_desc":"","_seopress_robots_index":"","inline_featured_image":false},"product_brand":[],"product_cat":[95],"product_tag":[],"giftcard-category":[],"class_list":{"0":"post-10224","1":"product","2":"type-product","3":"status-publish","4":"has-post-thumbnail","6":"product_cat-cadeaux","8":"first","9":"outofstock","10":"virtual","11":"purchasable","12":"product-type-simple"},"acf":[],"_links":{"self":[{"href":"https:\/\/www.alpinelands.it\/fr\/wp-json\/wp\/v2\/product\/10224","targetHints":{"allow":["GET"]}}],"collection":[{"href":"https:\/\/www.alpinelands.it\/fr\/wp-json\/wp\/v2\/product"}],"about":[{"href":"https:\/\/www.alpinelands.it\/fr\/wp-json\/wp\/v2\/types\/product"}],"replies":[{"embeddable":true,"href":"https:\/\/www.alpinelands.it\/fr\/wp-json\/wp\/v2\/comments?post=10224"}],"wp:featuredmedia":[{"embeddable":true,"href":"https:\/\/www.alpinelands.it\/fr\/wp-json\/wp\/v2\/media\/9292"}],"wp:attachment":[{"href":"https:\/\/www.alpinelands.it\/fr\/wp-json\/wp\/v2\/media?parent=10224"}],"wp:term":[{"taxonomy":"product_brand","embeddable":true,"href":"https:\/\/www.alpinelands.it\/fr\/wp-json\/wp\/v2\/product_brand?post=10224"},{"taxonomy":"product_cat","embeddable":true,"href":"https:\/\/www.alpinelands.it\/fr\/wp-json\/wp\/v2\/product_cat?post=10224"},{"taxonomy":"product_tag","embeddable":true,"href":"https:\/\/www.alpinelands.it\/fr\/wp-json\/wp\/v2\/product_tag?post=10224"},{"taxonomy":"giftcard-category","embeddable":true,"href":"https:\/\/www.alpinelands.it\/fr\/wp-json\/wp\/v2\/giftcard-category?post=10224"}],"curies":[{"name":"wp","href":"https:\/\/api.w.org\/{rel}","templated":true}]}}