{"id":10096,"date":"2021-07-09T14:19:11","date_gmt":"2021-07-09T12:19:11","guid":{"rendered":"https:\/\/www.alpinelands.it\/product\/cadeau-visitez-la-distillerie-levi-st-roch-ottoz\/"},"modified":"2021-11-27T15:53:50","modified_gmt":"2021-11-27T14:53:50","slug":"cadeau-visitez-la-distillerie-levi-st-roch-ottoz","status":"publish","type":"product","link":"https:\/\/www.alpinelands.it\/fr\/produit\/cadeau-visitez-la-distillerie-levi-st-roch-ottoz\/","title":{"rendered":"Cadeau: Visitez la distillerie Levi St. Roch Ottoz"},"content":{"rendered":"","protected":false},"excerpt":{"rendered":"<h6>Nombre minimum de participants: 2<\/h6>\n<h5>Comment fonctionne le don d\u2019une exp\u00e9rience?<\/h5>\n<ol>\n<li>Entrez votre nom et le nom du b\u00e9n\u00e9ficiaire dans les champs ci-dessous. Ces donn\u00e9es seront utilis\u00e9es pour personnaliser le ch\u00e8que-cadeau.<\/li>\n<li>Proc\u00e9dez \u00e0 l\u2019achat du cadeau.<em><strong>Pour les exp\u00e9riences n\u00e9cessitant un nombre minimum de participants, la quantit\u00e9 minimum obligatoire sera automatiquement ajout\u00e9e au panier.<\/strong><\/em><\/li>\n<li>Sous 24h vous recevrez le bon cadeau personnalis\u00e9 en PDF sur l\u2019email indiqu\u00e9 lors de la phase d\u2019achat \u00e0 livrer \u00e0 qui vous voulez.<\/li>\n<li>Le bon indiquera les instructions pour r\u00e9server l\u2019exp\u00e9rience \u00e0 la date \/ heure souhait\u00e9e.<\/li>\n<\/ol>\n","protected":false},"featured_media":9973,"comment_status":"closed","ping_status":"closed","template":"","meta":{"_acf_changed":false,"_seopress_robots_primary_cat":"","_seopress_titles_title":"","_seopress_titles_desc":"","_seopress_robots_index":"","inline_featured_image":false},"product_brand":[],"product_cat":[95],"product_tag":[],"giftcard-category":[],"class_list":{"0":"post-10096","1":"product","2":"type-product","3":"status-publish","4":"has-post-thumbnail","6":"product_cat-cadeaux","8":"first","9":"outofstock","10":"virtual","11":"purchasable","12":"product-type-simple"},"acf":[],"_links":{"self":[{"href":"https:\/\/www.alpinelands.it\/fr\/wp-json\/wp\/v2\/product\/10096","targetHints":{"allow":["GET"]}}],"collection":[{"href":"https:\/\/www.alpinelands.it\/fr\/wp-json\/wp\/v2\/product"}],"about":[{"href":"https:\/\/www.alpinelands.it\/fr\/wp-json\/wp\/v2\/types\/product"}],"replies":[{"embeddable":true,"href":"https:\/\/www.alpinelands.it\/fr\/wp-json\/wp\/v2\/comments?post=10096"}],"wp:featuredmedia":[{"embeddable":true,"href":"https:\/\/www.alpinelands.it\/fr\/wp-json\/wp\/v2\/media\/9973"}],"wp:attachment":[{"href":"https:\/\/www.alpinelands.it\/fr\/wp-json\/wp\/v2\/media?parent=10096"}],"wp:term":[{"taxonomy":"product_brand","embeddable":true,"href":"https:\/\/www.alpinelands.it\/fr\/wp-json\/wp\/v2\/product_brand?post=10096"},{"taxonomy":"product_cat","embeddable":true,"href":"https:\/\/www.alpinelands.it\/fr\/wp-json\/wp\/v2\/product_cat?post=10096"},{"taxonomy":"product_tag","embeddable":true,"href":"https:\/\/www.alpinelands.it\/fr\/wp-json\/wp\/v2\/product_tag?post=10096"},{"taxonomy":"giftcard-category","embeddable":true,"href":"https:\/\/www.alpinelands.it\/fr\/wp-json\/wp\/v2\/giftcard-category?post=10096"}],"curies":[{"name":"wp","href":"https:\/\/api.w.org\/{rel}","templated":true}]}}